{"id":12059,"date":"2026-01-08T13:13:25","date_gmt":"2026-01-08T12:13:25","guid":{"rendered":"https:\/\/bloodbros.store\/?post_type=product&#038;p=12059"},"modified":"2026-02-16T20:48:25","modified_gmt":"2026-02-16T19:48:25","slug":"mitjons-xxvi-marxa-castells-2026","status":"publish","type":"product","link":"https:\/\/bloodbros.store\/en\/tienda\/teamgear\/mitjons-xxvi-marxa-castells-2026\/","title":{"rendered":"Mitjons XXVI Marxa dels Castells de la Segarra"},"content":{"rendered":"","protected":false},"excerpt":{"rendered":"<p>#MarxadelsCastells #MarxadelsCastellsdelaSegarra<\/p>\n<p>&nbsp;<\/p>\n<p>Totes les comandes de Mitjons de la Marxa dels Castells de la Segarra es podr\u00e1n recollir el dia de la Cursa a l&#8217;Stand que Blood Bros Socks tindr\u00e0 a l&#8217;arc d&#8217;arribada.<\/p>\n<p>Si aquell dia no els podr\u00e0s recollir, tamb\u00e9 tens l&#8217;opci\u00f3 de fer-te&#8217;ls enviar a casa.<\/p>\n","protected":false},"featured_media":12066,"comment_status":"open","ping_status":"closed","template":"","meta":{"_et_pb_use_builder":"","_et_pb_old_content":"","_et_gb_content_width":"","_joinchat":[]},"product_brand":[],"product_cat":[167],"product_tag":[611],"class_list":{"0":"post-12059","1":"product","2":"type-product","3":"status-publish","4":"has-post-thumbnail","6":"product_cat-colectivos","7":"product_tag-marxa-dels-castells","8":"tm-no-options","10":"first","11":"instock","12":"taxable","13":"shipping-taxable","14":"purchasable","15":"product-type-variable"},"yoast_head":"<!-- This site is optimized with the Yoast SEO Premium plugin v23.0 (Yoast SEO v27.5) - https:\/\/yoast.com\/product\/yoast-seo-premium-wordpress\/ -->\n<title>Mitjons XXVI Marxa dels Castells de la Segarra &#8902; Blood Bros Socks \ud83e\ude78 \ud83e\udde6<\/title>\n<meta name=\"robots\" content=\"index, follow, max-snippet:-1, max-image-preview:large, max-video-preview:-1\" \/>\n<link rel=\"canonical\" href=\"https:\/\/bloodbros.store\/en\/tienda\/teamgear\/mitjons-xxvi-marxa-castells-2026\/\" \/>\n<meta property=\"og:locale\" content=\"en_US\" \/>\n<meta property=\"og:type\" content=\"article\" \/>\n<meta property=\"og:title\" content=\"Mitjons XXVI Marxa dels Castells de la Segarra\" \/>\n<meta property=\"og:description\" content=\"#MarxadelsCastells #MarxadelsCastellsdelaSegarra  &nbsp;  Totes les comandes de Mitjons de la Marxa dels Castells de la Segarra es podr\u00e1n recollir el dia de la Cursa a l&#039;Stand que Blood Bros Socks tindr\u00e0 a l&#039;arc d&#039;arribada.  Si aquell dia no els podr\u00e0s recollir, tamb\u00e9 tens l&#039;opci\u00f3 de fer-te&#039;ls enviar a casa.\" \/>\n<meta property=\"og:url\" content=\"https:\/\/bloodbros.store\/en\/tienda\/teamgear\/mitjons-xxvi-marxa-castells-2026\/\" \/>\n<meta property=\"og:site_name\" content=\"Blood Bros Socks \ud83e\ude78 \ud83e\udde6\" \/>\n<meta property=\"article:publisher\" content=\"https:\/\/www.facebook.com\/Bloodbrossocks\" \/>\n<meta property=\"article:modified_time\" content=\"2026-02-16T19:48:25+00:00\" \/>\n<meta property=\"og:image\" content=\"https:\/\/bloodbros.store\/wp-content\/uploads\/XXVI-Marxa-dels-Castells-de-la-Segarra.jpeg\" \/>\n\t<meta property=\"og:image:width\" content=\"800\" \/>\n\t<meta property=\"og:image:height\" content=\"800\" \/>\n\t<meta property=\"og:image:type\" content=\"image\/jpeg\" \/>\n<meta name=\"twitter:card\" content=\"summary_large_image\" \/>\n<meta name=\"twitter:site\" content=\"@bros_socks\" \/>\n<script type=\"application\/ld+json\" class=\"yoast-schema-graph\">{\"@context\":\"https:\\\/\\\/schema.org\",\"@graph\":[{\"@type\":\"WebPage\",\"@id\":\"https:\\\/\\\/bloodbros.store\\\/en\\\/tienda\\\/teamgear\\\/mitjons-xxvi-marxa-castells-2026\\\/\",\"url\":\"https:\\\/\\\/bloodbros.store\\\/en\\\/tienda\\\/teamgear\\\/mitjons-xxvi-marxa-castells-2026\\\/\",\"name\":\"Mitjons XXVI Marxa dels Castells de la Segarra &#8902; Blood Bros Socks \ud83e\ude78 \ud83e\udde6\",\"isPartOf\":{\"@id\":\"https:\\\/\\\/bloodbros.store\\\/en\\\/#website\"},\"primaryImageOfPage\":{\"@id\":\"https:\\\/\\\/bloodbros.store\\\/en\\\/tienda\\\/teamgear\\\/mitjons-xxvi-marxa-castells-2026\\\/#primaryimage\"},\"image\":{\"@id\":\"https:\\\/\\\/bloodbros.store\\\/en\\\/tienda\\\/teamgear\\\/mitjons-xxvi-marxa-castells-2026\\\/#primaryimage\"},\"thumbnailUrl\":\"https:\\\/\\\/bloodbros.store\\\/wp-content\\\/uploads\\\/XXVI-Marxa-dels-Castells-de-la-Segarra.jpeg\",\"datePublished\":\"2026-01-08T12:13:25+00:00\",\"dateModified\":\"2026-02-16T19:48:25+00:00\",\"breadcrumb\":{\"@id\":\"https:\\\/\\\/bloodbros.store\\\/en\\\/tienda\\\/teamgear\\\/mitjons-xxvi-marxa-castells-2026\\\/#breadcrumb\"},\"inLanguage\":\"en-US\",\"potentialAction\":[{\"@type\":\"ReadAction\",\"target\":[\"https:\\\/\\\/bloodbros.store\\\/en\\\/tienda\\\/teamgear\\\/mitjons-xxvi-marxa-castells-2026\\\/\"]}]},{\"@type\":\"ImageObject\",\"inLanguage\":\"en-US\",\"@id\":\"https:\\\/\\\/bloodbros.store\\\/en\\\/tienda\\\/teamgear\\\/mitjons-xxvi-marxa-castells-2026\\\/#primaryimage\",\"url\":\"https:\\\/\\\/bloodbros.store\\\/wp-content\\\/uploads\\\/XXVI-Marxa-dels-Castells-de-la-Segarra.jpeg\",\"contentUrl\":\"https:\\\/\\\/bloodbros.store\\\/wp-content\\\/uploads\\\/XXVI-Marxa-dels-Castells-de-la-Segarra.jpeg\",\"width\":800,\"height\":800},{\"@type\":\"BreadcrumbList\",\"@id\":\"https:\\\/\\\/bloodbros.store\\\/en\\\/tienda\\\/teamgear\\\/mitjons-xxvi-marxa-castells-2026\\\/#breadcrumb\",\"itemListElement\":[{\"@type\":\"ListItem\",\"position\":1,\"name\":\"Inicio\",\"item\":\"https:\\\/\\\/bloodbros.store\\\/en\\\/\"},{\"@type\":\"ListItem\",\"position\":2,\"name\":\"Shop\",\"item\":\"https:\\\/\\\/bloodbros.store\\\/en\\\/shop\\\/\"},{\"@type\":\"ListItem\",\"position\":3,\"name\":\"Mitjons XXVI Marxa dels Castells de la Segarra\"}]},{\"@type\":\"WebSite\",\"@id\":\"https:\\\/\\\/bloodbros.store\\\/en\\\/#website\",\"url\":\"https:\\\/\\\/bloodbros.store\\\/en\\\/\",\"name\":\"Blood Bros Socks \ud83e\ude78 \ud83e\udde6\",\"description\":\"Calcetines t\u00e9cnicos de deporte de dise\u00f1o\",\"publisher\":{\"@id\":\"https:\\\/\\\/bloodbros.store\\\/en\\\/#organization\"},\"potentialAction\":[{\"@type\":\"SearchAction\",\"target\":{\"@type\":\"EntryPoint\",\"urlTemplate\":\"https:\\\/\\\/bloodbros.store\\\/en\\\/?s={search_term_string}\"},\"query-input\":{\"@type\":\"PropertyValueSpecification\",\"valueRequired\":true,\"valueName\":\"search_term_string\"}}],\"inLanguage\":\"en-US\"},{\"@type\":\"Organization\",\"@id\":\"https:\\\/\\\/bloodbros.store\\\/en\\\/#organization\",\"name\":\"Blood Bros Socks \ud83e\ude78\ud83e\udde6\",\"url\":\"https:\\\/\\\/bloodbros.store\\\/en\\\/\",\"logo\":{\"@type\":\"ImageObject\",\"inLanguage\":\"en-US\",\"@id\":\"https:\\\/\\\/bloodbros.store\\\/en\\\/#\\\/schema\\\/logo\\\/image\\\/\",\"url\":\"https:\\\/\\\/bloodbros.store\\\/wp-content\\\/uploads\\\/blood-bros-socks.png\",\"contentUrl\":\"https:\\\/\\\/bloodbros.store\\\/wp-content\\\/uploads\\\/blood-bros-socks.png\",\"width\":144,\"height\":163,\"caption\":\"Blood Bros Socks \ud83e\ude78\ud83e\udde6\"},\"image\":{\"@id\":\"https:\\\/\\\/bloodbros.store\\\/en\\\/#\\\/schema\\\/logo\\\/image\\\/\"},\"sameAs\":[\"https:\\\/\\\/www.facebook.com\\\/Bloodbrossocks\",\"https:\\\/\\\/x.com\\\/bros_socks\",\"https:\\\/\\\/www.instagram.com\\\/Bloodbrossocks\"]}]}<\/script>\n<!-- \/ Yoast SEO Premium plugin. -->","yoast_head_json":{"title":"Mitjons XXVI Marxa dels Castells de la Segarra &#8902; Blood Bros Socks \ud83e\ude78 \ud83e\udde6","robots":{"index":"index","follow":"follow","max-snippet":"max-snippet:-1","max-image-preview":"max-image-preview:large","max-video-preview":"max-video-preview:-1"},"canonical":"https:\/\/bloodbros.store\/en\/tienda\/teamgear\/mitjons-xxvi-marxa-castells-2026\/","og_locale":"en_US","og_type":"article","og_title":"Mitjons XXVI Marxa dels Castells de la Segarra","og_description":"#MarxadelsCastells #MarxadelsCastellsdelaSegarra  &nbsp;  Totes les comandes de Mitjons de la Marxa dels Castells de la Segarra es podr\u00e1n recollir el dia de la Cursa a l'Stand que Blood Bros Socks tindr\u00e0 a l'arc d'arribada.  Si aquell dia no els podr\u00e0s recollir, tamb\u00e9 tens l'opci\u00f3 de fer-te'ls enviar a casa.","og_url":"https:\/\/bloodbros.store\/en\/tienda\/teamgear\/mitjons-xxvi-marxa-castells-2026\/","og_site_name":"Blood Bros Socks \ud83e\ude78 \ud83e\udde6","article_publisher":"https:\/\/www.facebook.com\/Bloodbrossocks","article_modified_time":"2026-02-16T19:48:25+00:00","og_image":[{"width":800,"height":800,"url":"https:\/\/bloodbros.store\/wp-content\/uploads\/XXVI-Marxa-dels-Castells-de-la-Segarra.jpeg","type":"image\/jpeg"}],"twitter_card":"summary_large_image","twitter_site":"@bros_socks","schema":{"@context":"https:\/\/schema.org","@graph":[{"@type":"WebPage","@id":"https:\/\/bloodbros.store\/en\/tienda\/teamgear\/mitjons-xxvi-marxa-castells-2026\/","url":"https:\/\/bloodbros.store\/en\/tienda\/teamgear\/mitjons-xxvi-marxa-castells-2026\/","name":"Mitjons XXVI Marxa dels Castells de la Segarra &#8902; Blood Bros Socks \ud83e\ude78 \ud83e\udde6","isPartOf":{"@id":"https:\/\/bloodbros.store\/en\/#website"},"primaryImageOfPage":{"@id":"https:\/\/bloodbros.store\/en\/tienda\/teamgear\/mitjons-xxvi-marxa-castells-2026\/#primaryimage"},"image":{"@id":"https:\/\/bloodbros.store\/en\/tienda\/teamgear\/mitjons-xxvi-marxa-castells-2026\/#primaryimage"},"thumbnailUrl":"https:\/\/bloodbros.store\/wp-content\/uploads\/XXVI-Marxa-dels-Castells-de-la-Segarra.jpeg","datePublished":"2026-01-08T12:13:25+00:00","dateModified":"2026-02-16T19:48:25+00:00","breadcrumb":{"@id":"https:\/\/bloodbros.store\/en\/tienda\/teamgear\/mitjons-xxvi-marxa-castells-2026\/#breadcrumb"},"inLanguage":"en-US","potentialAction":[{"@type":"ReadAction","target":["https:\/\/bloodbros.store\/en\/tienda\/teamgear\/mitjons-xxvi-marxa-castells-2026\/"]}]},{"@type":"ImageObject","inLanguage":"en-US","@id":"https:\/\/bloodbros.store\/en\/tienda\/teamgear\/mitjons-xxvi-marxa-castells-2026\/#primaryimage","url":"https:\/\/bloodbros.store\/wp-content\/uploads\/XXVI-Marxa-dels-Castells-de-la-Segarra.jpeg","contentUrl":"https:\/\/bloodbros.store\/wp-content\/uploads\/XXVI-Marxa-dels-Castells-de-la-Segarra.jpeg","width":800,"height":800},{"@type":"BreadcrumbList","@id":"https:\/\/bloodbros.store\/en\/tienda\/teamgear\/mitjons-xxvi-marxa-castells-2026\/#breadcrumb","itemListElement":[{"@type":"ListItem","position":1,"name":"Inicio","item":"https:\/\/bloodbros.store\/en\/"},{"@type":"ListItem","position":2,"name":"Shop","item":"https:\/\/bloodbros.store\/en\/shop\/"},{"@type":"ListItem","position":3,"name":"Mitjons XXVI Marxa dels Castells de la Segarra"}]},{"@type":"WebSite","@id":"https:\/\/bloodbros.store\/en\/#website","url":"https:\/\/bloodbros.store\/en\/","name":"Blood Bros Socks \ud83e\ude78 \ud83e\udde6","description":"Calcetines t\u00e9cnicos de deporte de dise\u00f1o","publisher":{"@id":"https:\/\/bloodbros.store\/en\/#organization"},"potentialAction":[{"@type":"SearchAction","target":{"@type":"EntryPoint","urlTemplate":"https:\/\/bloodbros.store\/en\/?s={search_term_string}"},"query-input":{"@type":"PropertyValueSpecification","valueRequired":true,"valueName":"search_term_string"}}],"inLanguage":"en-US"},{"@type":"Organization","@id":"https:\/\/bloodbros.store\/en\/#organization","name":"Blood Bros Socks \ud83e\ude78\ud83e\udde6","url":"https:\/\/bloodbros.store\/en\/","logo":{"@type":"ImageObject","inLanguage":"en-US","@id":"https:\/\/bloodbros.store\/en\/#\/schema\/logo\/image\/","url":"https:\/\/bloodbros.store\/wp-content\/uploads\/blood-bros-socks.png","contentUrl":"https:\/\/bloodbros.store\/wp-content\/uploads\/blood-bros-socks.png","width":144,"height":163,"caption":"Blood Bros Socks \ud83e\ude78\ud83e\udde6"},"image":{"@id":"https:\/\/bloodbros.store\/en\/#\/schema\/logo\/image\/"},"sameAs":["https:\/\/www.facebook.com\/Bloodbrossocks","https:\/\/x.com\/bros_socks","https:\/\/www.instagram.com\/Bloodbrossocks"]}]}},"jetpack-related-posts":[{"id":12274,"url":"https:\/\/bloodbros.store\/en\/tienda\/teamgear\/mitjons-cursa-cirera-corbins-2026\/","url_meta":{"origin":12059,"position":0},"title":"Mitjons Cursa de la Cirera Corbins 2026","author":"Blood Bros Socks","date":"27 de March de 2026","format":false,"excerpt":"#CursadelaCirera #Cirera2026 #Cirera #Corbins \u00a0 Totes les comandes de Mitjons de la Cursa de la Cirera es podr\u00e1n recollir el dia de la Cursa a l'Stand que Blood Bros Socks tindr\u00e0 a l'arc d'arribada. Si aquell dia no els podr\u00e0s recollir, tamb\u00e9 tens l'opci\u00f3 de fer-te'ls enviar a casa.","rel":"","context":"Similar post","block_context":{"text":"Similar post","link":""},"img":{"alt_text":"","src":"https:\/\/i0.wp.com\/bloodbros.store\/wp-content\/uploads\/Cirera.jpeg?resize=350%2C200&ssl=1","width":350,"height":200,"srcset":"https:\/\/i0.wp.com\/bloodbros.store\/wp-content\/uploads\/Cirera.jpeg?resize=350%2C200&ssl=1 1x, https:\/\/i0.wp.com\/bloodbros.store\/wp-content\/uploads\/Cirera.jpeg?resize=525%2C300&ssl=1 1.5x, https:\/\/i0.wp.com\/bloodbros.store\/wp-content\/uploads\/Cirera.jpeg?resize=700%2C400&ssl=1 2x"},"classes":[]},{"id":11991,"url":"https:\/\/bloodbros.store\/en\/tienda\/colectivos\/paranormal\/calcetines-paranormal-2025\/","url_meta":{"origin":12059,"position":1},"title":"Calcetines Paranormal 2025","author":"Blood Bros Socks","date":"27 de November de 2025","format":false,"excerpt":"#paranormal \u00a0 Totes les comandes de Mitjons Paranormal s'enviar\u00e1n juntes un cop fabricats els mitjons i es podr\u00e1n passar a recollir per les instal\u00b7lacions de Paranormal a la Llagosta. Un cop haguem fet l'enviament a Paranormal, t'avisarem per Whatsapp quan puguis passar a recollir-la.","rel":"","context":"Similar post","block_context":{"text":"Similar post","link":""},"img":{"alt_text":"","src":"https:\/\/i0.wp.com\/bloodbros.store\/wp-content\/uploads\/PARANORMAL-2025.jpeg?resize=350%2C200&ssl=1","width":350,"height":200,"srcset":"https:\/\/i0.wp.com\/bloodbros.store\/wp-content\/uploads\/PARANORMAL-2025.jpeg?resize=350%2C200&ssl=1 1x, https:\/\/i0.wp.com\/bloodbros.store\/wp-content\/uploads\/PARANORMAL-2025.jpeg?resize=525%2C300&ssl=1 1.5x, https:\/\/i0.wp.com\/bloodbros.store\/wp-content\/uploads\/PARANORMAL-2025.jpeg?resize=700%2C400&ssl=1 2x"},"classes":[]},{"id":10113,"url":"https:\/\/bloodbros.store\/en\/tienda\/colectivos\/abril-465\/mitjons\/","url_meta":{"origin":12059,"position":2},"title":"Mitjons Abril 465","author":"Blood Bros Socks","date":"17 de March de 2025","format":false,"excerpt":"Per cada venda d'un parell de mitjons del #RepteAbril465, Blood Bros donar\u00e0 la quantitat de 5\u20ac a Pallapupas.org El temps d'entrega dels mitjons ser\u00e0 aproximadament de 10 dies a partir de la data de la compra. Te'ls podem enviar, podem quedar per Lleida o Mollerussa per fer l'entrega o te'ls\u2026","rel":"","context":"Similar post","block_context":{"text":"Similar post","link":""},"img":{"alt_text":"","src":"https:\/\/i0.wp.com\/bloodbros.store\/wp-content\/uploads\/ABRIL465-Mitjons.jpeg?resize=350%2C200&ssl=1","width":350,"height":200,"srcset":"https:\/\/i0.wp.com\/bloodbros.store\/wp-content\/uploads\/ABRIL465-Mitjons.jpeg?resize=350%2C200&ssl=1 1x, https:\/\/i0.wp.com\/bloodbros.store\/wp-content\/uploads\/ABRIL465-Mitjons.jpeg?resize=525%2C300&ssl=1 1.5x, https:\/\/i0.wp.com\/bloodbros.store\/wp-content\/uploads\/ABRIL465-Mitjons.jpeg?resize=700%2C400&ssl=1 2x"},"classes":[]},{"id":11943,"url":"https:\/\/bloodbros.store\/en\/tienda\/colectivos\/maki-sempre\/mitjons-maki-sempre\/","url_meta":{"origin":12059,"position":3},"title":"Mitjons MAKI SEMPRE \ud83d\udd25\ud83c\udf36\ufe0f","author":"Blood Bros Socks","date":"27 de October de 2025","format":false,"excerpt":"#makisempre Es fabricar\u00e1n sobre comanda i el termini d'entrega pot variar entre 7 i 10 dies aproximadament.","rel":"","context":"Similar post","block_context":{"text":"Similar post","link":""},"img":{"alt_text":"","src":"https:\/\/i0.wp.com\/bloodbros.store\/wp-content\/uploads\/Maki-Sempre-darrera.jpeg?resize=350%2C200&ssl=1","width":350,"height":200,"srcset":"https:\/\/i0.wp.com\/bloodbros.store\/wp-content\/uploads\/Maki-Sempre-darrera.jpeg?resize=350%2C200&ssl=1 1x, https:\/\/i0.wp.com\/bloodbros.store\/wp-content\/uploads\/Maki-Sempre-darrera.jpeg?resize=525%2C300&ssl=1 1.5x, https:\/\/i0.wp.com\/bloodbros.store\/wp-content\/uploads\/Maki-Sempre-darrera.jpeg?resize=700%2C400&ssl=1 2x"},"classes":[]},{"id":8179,"url":"https:\/\/bloodbros.store\/en\/tienda\/colectivos\/equipaciones\/mitjons-3-tossals-alcoletge-2024\/","url_meta":{"origin":12059,"position":4},"title":"Mitjons Els 3 Tossals 2024","author":"Blood Bros Socks","date":"14 de March de 2024","format":false,"excerpt":"#3Tossals #3TossalsAlcoletge #Alcoletge #3Tossals2024 #3TossalsAlcoletge2024 #Trail #TrailRunning #Run #Running","rel":"","context":"Similar post","block_context":{"text":"Similar post","link":""},"img":{"alt_text":"","src":"https:\/\/i0.wp.com\/bloodbros.store\/wp-content\/uploads\/3-Tossals-2024-FRONT-2.jpeg?resize=350%2C200&ssl=1","width":350,"height":200,"srcset":"https:\/\/i0.wp.com\/bloodbros.store\/wp-content\/uploads\/3-Tossals-2024-FRONT-2.jpeg?resize=350%2C200&ssl=1 1x, https:\/\/i0.wp.com\/bloodbros.store\/wp-content\/uploads\/3-Tossals-2024-FRONT-2.jpeg?resize=525%2C300&ssl=1 1.5x, https:\/\/i0.wp.com\/bloodbros.store\/wp-content\/uploads\/3-Tossals-2024-FRONT-2.jpeg?resize=700%2C400&ssl=1 2x"},"classes":[]},{"id":8051,"url":"https:\/\/bloodbros.store\/en\/tienda\/colectivos\/pedals-de-dona\/mitjons-pedals-de-dona-2024\/","url_meta":{"origin":12059,"position":5},"title":"Mitjons Pedals de Dona 2024","author":"Blood Bros Socks","date":"10 de January de 2024","format":false,"excerpt":"#pedalsdedona #pedalsdona #esportfemen\u00edLleida #esportfemen\u00ed #femen\u00ed #dona #woman #womanpower #girlpower @cyclinggirl #2024","rel":"","context":"Similar post","block_context":{"text":"Similar post","link":""},"img":{"alt_text":"","src":"https:\/\/i0.wp.com\/bloodbros.store\/wp-content\/uploads\/Pedals-de-Dona-2024.jpg?resize=350%2C200&ssl=1","width":350,"height":200,"srcset":"https:\/\/i0.wp.com\/bloodbros.store\/wp-content\/uploads\/Pedals-de-Dona-2024.jpg?resize=350%2C200&ssl=1 1x, https:\/\/i0.wp.com\/bloodbros.store\/wp-content\/uploads\/Pedals-de-Dona-2024.jpg?resize=525%2C300&ssl=1 1.5x, https:\/\/i0.wp.com\/bloodbros.store\/wp-content\/uploads\/Pedals-de-Dona-2024.jpg?resize=700%2C400&ssl=1 2x"},"classes":[]}],"jetpack_sharing_enabled":true,"_links":{"self":[{"href":"https:\/\/bloodbros.store\/en\/wp-json\/wp\/v2\/product\/12059","targetHints":{"allow":["GET"]}}],"collection":[{"href":"https:\/\/bloodbros.store\/en\/wp-json\/wp\/v2\/product"}],"about":[{"href":"https:\/\/bloodbros.store\/en\/wp-json\/wp\/v2\/types\/product"}],"replies":[{"embeddable":true,"href":"https:\/\/bloodbros.store\/en\/wp-json\/wp\/v2\/comments?post=12059"}],"wp:featuredmedia":[{"embeddable":true,"href":"https:\/\/bloodbros.store\/en\/wp-json\/wp\/v2\/media\/12066"}],"wp:attachment":[{"href":"https:\/\/bloodbros.store\/en\/wp-json\/wp\/v2\/media?parent=12059"}],"wp:term":[{"taxonomy":"product_brand","embeddable":true,"href":"https:\/\/bloodbros.store\/en\/wp-json\/wp\/v2\/product_brand?post=12059"},{"taxonomy":"product_cat","embeddable":true,"href":"https:\/\/bloodbros.store\/en\/wp-json\/wp\/v2\/product_cat?post=12059"},{"taxonomy":"product_tag","embeddable":true,"href":"https:\/\/bloodbros.store\/en\/wp-json\/wp\/v2\/product_tag?post=12059"}],"curies":[{"name":"wp","href":"https:\/\/api.w.org\/{rel}","templated":true}]}}